{"id":27,"date":"2025-07-14T02:36:20","date_gmt":"2025-07-14T02:36:20","guid":{"rendered":"https:\/\/lamvuonhoado.com\/?page_id=27"},"modified":"2025-08-04T01:32:07","modified_gmt":"2025-08-04T01:32:07","slug":"gioi-thieu","status":"publish","type":"page","link":"https:\/\/lamvuonhoado.com\/index.php\/gioi-thieu\/","title":{"rendered":"GI\u1edaI THI\u1ec6U"},"content":{"rendered":"\n<h2 style=\"text-align: center;\">B\u01af\u1edaC CH\u00c2N \u0110\u1ea6U TI\u00caN<img loading=\"lazy\" decoding=\"async\" class=\"alignnone size-medium wp-image-157\" src=\"https:\/\/lamvuonhoado.com\/wp-content\/uploads\/2025\/08\/Buoc-chan-300x150.png\" alt=\"\" width=\"300\" height=\"150\" title=\"\" srcset=\"https:\/\/lamvuonhoado.com\/wp-content\/uploads\/2025\/08\/Buoc-chan-300x150.png 300w, https:\/\/lamvuonhoado.com\/wp-content\/uploads\/2025\/08\/Buoc-chan.png 472w\" sizes=\"auto, (max-width: 300px) 100vw, 300px\" \/><\/h2>\n<p data-start=\"193\" data-end=\"555\">Hi\u1ec7n nay, ph\u00e2n b\u00f3n h\u00f3a h\u1ecdc v\u1eabn \u0111ang chi\u1ebfm \u01b0u th\u1ebf tr\u00ean th\u1ecb tr\u01b0\u1eddng, trong khi ph\u1ea7n l\u1edbn c\u00e1c lo\u1ea1i ph\u00e2n h\u1eefu c\u01a1 l\u1ea1i ph\u1ea3i nh\u1eadp kh\u1ea9u t\u1eeb n\u01b0\u1edbc ngo\u00e0i. \u0110i\u1ec1u n\u00e0y th\u1eadt \u0111\u00e1ng ti\u1ebfc, b\u1edfi Vi\u1ec7t Nam v\u1ed1n s\u1edf h\u1eefu ngu\u1ed3n nguy\u00ean li\u1ec7u h\u1eefu c\u01a1 v\u00f4 c\u00f9ng phong ph\u00fa \u2013 nh\u01b0ng l\u1ea1i thi\u1ebfu nh\u1eefng \u0111\u01a1n v\u1ecb \u0111\u1ee7 t\u00e2m huy\u1ebft v\u00e0 n\u0103ng l\u1ef1c \u0111\u1ec3 khai th\u00e1c, n\u00e2ng t\u1ea7m gi\u00e1 tr\u1ecb v\u00e0 \u0111\u01b0a s\u1ea3n ph\u1ea9m \u0111\u1ebfn t\u1eadn tay ng\u01b0\u1eddi n\u00f4ng d\u00e2n.<\/p>\n<p data-start=\"557\" data-end=\"1010\">Xu\u1ea5t ph\u00e1t t\u1eeb tr\u0103n tr\u1edf \u0111\u00f3, <strong data-start=\"583\" data-end=\"593\">Hoa \u0110\u00f4<\/strong> \u0111\u00e3 quy\u1ebft t\u00e2m ti\u00ean phong trong h\u00e0nh tr\u00ecnh <strong data-start=\"635\" data-end=\"687\">\u0111\u01b0a ph\u00e2n b\u00f3n h\u1eefu c\u01a1 Vi\u1ec7t Nam l\u00ean m\u1ed9t t\u1ea7m cao m\u1edbi<\/strong>. Ch\u00fang t\u00f4i \u1ee9ng d\u1ee5ng c\u00f4ng ngh\u1ec7 \u1ee7 hi\u1ec7n \u0111\u1ea1i \u0111\u1ea1t chu\u1ea9n qu\u1ed1c t\u1ebf \u2013 \u0111\u1ea3m b\u1ea3o <strong data-start=\"757\" data-end=\"791\">s\u1ea1ch m\u1ea7m b\u1ec7nh, gi\u00e0u dinh d\u01b0\u1ee1ng<\/strong>, k\u1ebft h\u1ee3p v\u1edbi h\u1ec7 th\u1ed1ng m\u00e1y m\u00f3c \u0111\u00f3ng g\u00f3i v\u00e0 b\u1ea3o qu\u1ea3n chuy\u00ean nghi\u1ec7p. T\u1ea5t c\u1ea3 nh\u1eb1m mang \u0111\u1ebfn <strong data-start=\"879\" data-end=\"947\">nh\u1eefng s\u1ea3n ph\u1ea9m ph\u00e2n b\u00f3n h\u1eefu c\u01a1 ch\u1ea5t l\u01b0\u1ee3ng cao, an to\u00e0n, b\u1ec1n v\u1eefng<\/strong>, s\u1eb5n s\u00e0ng ph\u1ee5c v\u1ee5 b\u00e0 con n\u00f4ng d\u00e2n tr\u00ean kh\u1eafp m\u1ecdi mi\u1ec1n \u0111\u1ea5t n\u01b0\u1edbc.<\/p>\n<p data-start=\"1012\" data-end=\"1281\">V\u1edbi kh\u00e1t v\u1ecdng \u0111\u00f3, Hoa \u0110\u00f4 kh\u00f4ng ch\u1ec9 cung c\u1ea5p ph\u00e2n b\u00f3n, m\u00e0 c\u00f2n g\u00f3p ph\u1ea7n kh\u1eb3ng \u0111\u1ecbnh v\u1ecb th\u1ebf c\u1ee7a <strong data-start=\"1104\" data-end=\"1121\">ph\u00e2n b\u00f3n Vi\u1ec7t<\/strong>, gi\u1ea3m ph\u1ee5 thu\u1ed9c v\u00e0o ngu\u1ed3n h\u00e0ng nh\u1eadp kh\u1ea9u, v\u00e0 \u0111\u1ed3ng h\u00e0nh c\u00f9ng n\u00f4ng d\u00e2n x\u00e2y d\u1ef1ng m\u1ed9t n\u1ec1n <strong data-start=\"1208\" data-end=\"1257\">n\u00f4ng nghi\u1ec7p xanh \u2013 s\u1ea1ch \u2013 ph\u00e1t tri\u1ec3n b\u1ec1n v\u1eefng<\/strong> cho t\u01b0\u01a1ng lai \u0111\u1ea5t n\u01b0\u1edbc.<\/p>\n<h2 style=\"text-align: center;\">K\u1ebe HO\u1ea0CH PH\u00c1T TRI\u1ec2N<img loading=\"lazy\" decoding=\"async\" class=\"alignnone size-medium wp-image-159\" src=\"https:\/\/lamvuonhoado.com\/wp-content\/uploads\/2025\/08\/Phat-trien-300x150.png\" alt=\"\" width=\"300\" height=\"150\" title=\"\" srcset=\"https:\/\/lamvuonhoado.com\/wp-content\/uploads\/2025\/08\/Phat-trien-300x150.png 300w, https:\/\/lamvuonhoado.com\/wp-content\/uploads\/2025\/08\/Phat-trien.png 472w\" sizes=\"auto, (max-width: 300px) 100vw, 300px\" \/><\/h2>\n<p data-start=\"180\" data-end=\"311\">Trong l\u1ed9 tr\u00ecnh ph\u00e1t tri\u1ec3n b\u1ec1n v\u1eefng, <strong data-start=\"216\" data-end=\"226\">Hoa \u0110\u00f4<\/strong> \u0111\u1eb7t m\u1ee5c ti\u00eau kh\u00f4ng ng\u1eebng m\u1edf r\u1ed9ng v\u00e0 ho\u00e0n thi\u1ec7n h\u1ec7 sinh th\u00e1i n\u00f4ng nghi\u1ec7p h\u1eefu c\u01a1 Vi\u1ec7t.<\/p>\n<p data-start=\"313\" data-end=\"713\"><strong data-start=\"313\" data-end=\"325\">N\u0103m 2025<\/strong>, ch\u00fang t\u00f4i t\u1eadp trung v\u00e0o nghi\u00ean c\u1ee9u v\u00e0 s\u1ea3n xu\u1ea5t c\u00e1c d\u00f2ng <strong data-start=\"383\" data-end=\"412\">\u0111\u1ea1m h\u1eefu c\u01a1 ch\u1ea5t l\u01b0\u1ee3ng cao<\/strong> t\u1eeb ngu\u1ed3n c\u00e1, \u0111\u1eadu ph\u1ed9ng (l\u1ea1c), \u0111\u1eadu t\u01b0\u01a1ng \u2013 nh\u1eefng nguy\u00ean li\u1ec7u gi\u00e0u dinh d\u01b0\u1ee1ng v\u00e0 s\u1eb5n c\u00f3 t\u1ea1i \u0111\u1ecba ph\u01b0\u01a1ng. \u0110\u00e2y s\u1ebd l\u00e0 gi\u1ea3i ph\u00e1p thi\u1ebft th\u1ef1c gi\u00fap <strong data-start=\"551\" data-end=\"577\">t\u0103ng n\u0103ng su\u1ea5t rau m\u00e0u<\/strong>, \u0111\u1ed3ng th\u1eddi cung c\u1ea5p<strong data-start=\"605\" data-end=\"654\">\u00a0ngu\u1ed3n h\u1ea1t gi\u1ed1ng rau ch\u1ea5t l\u01b0\u1ee3ng cao<\/strong>, ph\u1ee5c v\u1ee5 nhu c\u1ea7u tr\u1ed3ng rau s\u1ea1ch ng\u00e0y c\u00e0ng t\u0103ng.<\/p>\n<p data-start=\"715\" data-end=\"1136\"><strong data-start=\"715\" data-end=\"727\">N\u0103m 2026<\/strong>, Hoa \u0110\u00f4 ti\u1ebfp t\u1ee5c \u0111\u1ea7u t\u01b0 v\u00e0o vi\u1ec7c khai th\u00e1c <strong data-start=\"771\" data-end=\"799\">ngu\u1ed3n L\u00e2n v\u00e0 Kali h\u1eefu c\u01a1<\/strong> t\u1eeb chu\u1ed1i, ph\u00e2n chu\u1ed3ng \u1ee7 hoai v\u00e0 c\u00e1c ph\u1ee5 ph\u1ea9m n\u00f4ng nghi\u1ec7p kh\u00e1c, nh\u1eb1m n\u00e2ng cao hi\u1ec7u qu\u1ea3 canh t\u00e1c cho <strong data-start=\"899\" data-end=\"913\">c\u00e2y \u0103n qu\u1ea3<\/strong> \u2013 c\u1ea3 v\u1ec1 s\u1ea3n l\u01b0\u1ee3ng l\u1eabn ch\u1ea5t l\u01b0\u1ee3ng. B\u00ean c\u1ea1nh \u0111\u00f3, ch\u00fang t\u00f4i c\u0169ng h\u01b0\u1edbng \u0111\u1ebfn tr\u1edf th\u00e0nh <strong data-start=\"996\" data-end=\"1043\">\u0111\u01a1n v\u1ecb cung c\u1ea5p h\u1ea1t gi\u1ed1ng c\u00e2y \u0103n qu\u1ea3 uy t\u00edn<\/strong>, \u0111\u1ea3m b\u1ea3o chu\u1ea9n gi\u1ed1ng, ph\u00f9 h\u1ee3p th\u1ed5 nh\u01b0\u1ee1ng v\u00e0 th\u00edch nghi t\u1ed1t v\u1edbi \u0111i\u1ec1u ki\u1ec7n kh\u00ed h\u1eadu trong n\u01b0\u1edbc.<\/p>\n<p data-start=\"1138\" data-end=\"1413\">V\u1edbi t\u1ea7m nh\u00ecn d\u00e0i h\u1ea1n, Hoa \u0110\u00f4 kh\u00f4ng ng\u1eebng c\u1ea3i ti\u1ebfn c\u00f4ng ngh\u1ec7, k\u1ebft h\u1ee3p tri th\u1ee9c n\u00f4ng nghi\u1ec7p truy\u1ec1n th\u1ed1ng v\u1edbi c\u00e1c ti\u00eau chu\u1ea9n hi\u1ec7n \u0111\u1ea1i, \u0111\u1ec3 mang \u0111\u1ebfn cho n\u00f4ng d\u00e2n nh\u1eefng gi\u1ea3i ph\u00e1p <strong data-start=\"1311\" data-end=\"1346\">ch\u00e2n th\u1ef1c \u2013 hi\u1ec7u qu\u1ea3 \u2013 b\u1ec1n v\u1eefng<\/strong>, \u0111\u00f3ng g\u00f3p v\u00e0o s\u1ef1 ph\u00e1t tri\u1ec3n c\u1ee7a n\u1ec1n <strong data-start=\"1383\" data-end=\"1412\">n\u00f4ng nghi\u1ec7p xanh Vi\u1ec7t Nam<\/strong>.<\/p>\n<h2 style=\"text-align: center;\">GI\u1eee V\u1eeeNG L\u00d2NG TIN<img loading=\"lazy\" decoding=\"async\" class=\"alignnone size-medium wp-image-158\" src=\"https:\/\/lamvuonhoado.com\/wp-content\/uploads\/2025\/08\/Long-tin-300x150.png\" alt=\"\" width=\"300\" height=\"150\" title=\"\" srcset=\"https:\/\/lamvuonhoado.com\/wp-content\/uploads\/2025\/08\/Long-tin-300x150.png 300w, https:\/\/lamvuonhoado.com\/wp-content\/uploads\/2025\/08\/Long-tin.png 472w\" sizes=\"auto, (max-width: 300px) 100vw, 300px\" \/><\/h2>\n<p data-start=\"111\" data-end=\"416\">Tr\u00ean h\u00e0nh tr\u00ecnh ph\u00e1t tri\u1ec3n n\u00f4ng nghi\u1ec7p h\u1eefu c\u01a1 Vi\u1ec7t, <strong data-start=\"163\" data-end=\"173\">Hoa \u0110\u00f4<\/strong> hi\u1ec3u r\u1eb1ng: ch\u1ea5t l\u01b0\u1ee3ng s\u1ea3n ph\u1ea9m l\u00e0 n\u1ec1n t\u1ea3ng, nh\u01b0ng <strong data-start=\"224\" data-end=\"283\">l\u00f2ng tin c\u1ee7a ng\u01b0\u1eddi n\u00f4ng d\u00e2n m\u1edbi l\u00e0 t\u00e0i s\u1ea3n qu\u00fd gi\u00e1 nh\u1ea5t<\/strong>. Ch\u00ednh v\u00ec v\u1eady, ch\u00fang t\u00f4i lu\u00f4n \u0111\u1eb7t <strong data-start=\"318\" data-end=\"343\">uy t\u00edn v\u00e0 tr\u00e1ch nhi\u1ec7m<\/strong> l\u00ean h\u00e0ng \u0111\u1ea7u trong t\u1eebng bao ph\u00e2n, t\u1eebng h\u1ea1t gi\u1ed1ng \u0111\u01b0\u1ee3c \u0111\u01b0a ra th\u1ecb tr\u01b0\u1eddng.<\/p>\n<p data-start=\"418\" data-end=\"723\">M\u1ed7i s\u1ea3n ph\u1ea9m mang th\u01b0\u01a1ng hi\u1ec7u Hoa \u0110\u00f4 kh\u00f4ng ch\u1ec9 l\u00e0 k\u1ebft qu\u1ea3 c\u1ee7a c\u00f4ng ngh\u1ec7 v\u00e0 quy tr\u00ecnh ki\u1ec3m so\u00e1t nghi\u00eam ng\u1eb7t, m\u00e0 c\u00f2n l\u00e0 <strong data-start=\"536\" data-end=\"594\">t\u00e2m huy\u1ebft c\u1ee7a m\u1ed9t t\u1eadp th\u1ec3 lu\u00f4n \u0111\u1ed3ng h\u00e0nh c\u00f9ng nh\u00e0 n\u00f4ng<\/strong>, s\u1eb5n s\u00e0ng l\u1eafng nghe \u2013 chia s\u1ebb \u2013 c\u1ea3i ti\u1ebfn \u2013 v\u00e0 kh\u00f4ng ng\u1eebng n\u1ed7 l\u1ef1c v\u00ec m\u1ed9t n\u1ec1n n\u00f4ng nghi\u1ec7p b\u1ec1n v\u1eefng h\u01a1n<\/p>\n<p data-start=\"1002\" data-end=\"1095\"><span data-start=\"1021\" data-end=\"1094\">N<\/span><strong data-start=\"1021\" data-end=\"1094\">\u00f4ng d\u00e2n tin d\u00f9ng \u2013 \u0111\u1ea5t s\u1ea1ch, c\u00e2y kh\u1ecfe \u2013 \u0111\u00f3 m\u1edbi l\u00e0 th\u00e0nh c\u00f4ng th\u1ef1c s\u1ef1<\/strong>.<\/p>\n\n","protected":false},"excerpt":{"rendered":"","protected":false},"author":1,"featured_media":0,"parent":0,"menu_order":0,"comment_status":"closed","ping_status":"closed","template":"","meta":{"footnotes":""},"class_list":["post-27","page","type-page","status-publish","hentry"],"rankMath":{"parentDomain":"lamvuonhoado.com","noFollowDomains":[],"noFollowExcludeDomains":[],"noFollowExternalLinks":false,"featuredImageNotice":"H\u00ecnh \u1ea3nh n\u1ed5i b\u1eadt n\u00ean c\u00f3 k\u00edch th\u01b0\u1edbc \u00edt nh\u1ea5t 200 x 200 pixel \u0111\u1ec3 \u0111\u01b0\u1ee3c Facebook v\u00e0 c\u00e1c trang m\u1ea1ng x\u00e3 h\u1ed9i kh\u00e1c ch\u1ecdn.","pluginReviewed":false,"postSettings":{"linkSuggestions":true,"useFocusKeyword":false},"frontEndScore":false,"postName":"gioi-thieu","permalinkFormat":"https:\/\/lamvuonhoado.com\/index.php\/%pagename%\/","showLockModifiedDate":true,"assessor":{"focusKeywordLink":"https:\/\/lamvuonhoado.com\/wp-admin\/edit.php?focus_keyword=%focus_keyword%&post_type=%post_type%","hasTOCPlugin":false,"primaryTaxonomy":false,"serpData":{"title":"","description":"","focusKeywords":"","pillarContent":false,"canonicalUrl":"","breadcrumbTitle":"","advancedRobots":{"max-snippet":"-1","max-video-preview":"-1","max-image-preview":"large"},"facebookTitle":"","facebookDescription":"","facebookImage":"","facebookImageID":"","facebookHasOverlay":false,"facebookImageOverlay":"","facebookAuthor":"","twitterCardType":"","twitterUseFacebook":true,"twitterTitle":"","twitterDescription":"","twitterImage":"","twitterImageID":"","twitterHasOverlay":false,"twitterImageOverlay":"","twitterPlayerUrl":"","twitterPlayerSize":"","twitterPlayerStream":"","twitterPlayerStreamCtype":"","twitterAppDescription":"","twitterAppIphoneName":"","twitterAppIphoneID":"","twitterAppIphoneUrl":"","twitterAppIpadName":"","twitterAppIpadID":"","twitterAppIpadUrl":"","twitterAppGoogleplayName":"","twitterAppGoogleplayID":"","twitterAppGoogleplayUrl":"","twitterAppCountry":"","robots":{"index":true},"twitterAuthor":"t\u00ean ng\u01b0\u1eddi d\u00f9ng","primaryTerm":0,"authorName":"admin","titleTemplate":"%title% %sep% %sitename%","descriptionTemplate":"%excerpt%","showScoreFrontend":true,"lockModifiedDate":false},"powerWords":[],"diacritics":{"A":"[\\u0041\\u24B6\\uFF21\\u00C0\\u00C1\\u00C2\\u1EA6\\u1EA4\\u1EAA\\u1EA8\\u00C3\\u0100\\u0102\\u1EB0\\u1EAE\\u1EB4\\u1EB2\\u0226\\u01E0\\u00C4\\u01DE\\u1EA2\\u00C5\\u01FA\\u01CD\\u0200\\u0202\\u1EA0\\u1EAC\\u1EB6\\u1E00\\u0104\\u023A\\u2C6F]","AA":"[\\uA732]","AE":"[\\u00C6\\u01FC\\u01E2]","AO":"[\\uA734]","AU":"[\\uA736]","AV":"[\\uA738\\uA73A]","AY":"[\\uA73C]","B":"[\\u0042\\u24B7\\uFF22\\u1E02\\u1E04\\u1E06\\u0243\\u0182\\u0181]","C":"[\\u0043\\u24B8\\uFF23\\u0106\\u0108\\u010A\\u010C\\u00C7\\u1E08\\u0187\\u023B\\uA73E]","D":"[\\u0044\\u24B9\\uFF24\\u1E0A\\u010E\\u1E0C\\u1E10\\u1E12\\u1E0E\\u0110\\u018B\\u018A\\u0189\\uA779]","DZ":"[\\u01F1\\u01C4]","Dz":"[\\u01F2\\u01C5]","E":"[\\u0045\\u24BA\\uFF25\\u00C8\\u00C9\\u00CA\\u1EC0\\u1EBE\\u1EC4\\u1EC2\\u1EBC\\u0112\\u1E14\\u1E16\\u0114\\u0116\\u00CB\\u1EBA\\u011A\\u0204\\u0206\\u1EB8\\u1EC6\\u0228\\u1E1C\\u0118\\u1E18\\u1E1A\\u0190\\u018E]","F":"[\\u0046\\u24BB\\uFF26\\u1E1E\\u0191\\uA77B]","G":"[\\u0047\\u24BC\\uFF27\\u01F4\\u011C\\u1E20\\u011E\\u0120\\u01E6\\u0122\\u01E4\\u0193\\uA7A0\\uA77D\\uA77E]","H":"[\\u0048\\u24BD\\uFF28\\u0124\\u1E22\\u1E26\\u021E\\u1E24\\u1E28\\u1E2A\\u0126\\u2C67\\u2C75\\uA78D]","I":"[\\u0049\\u24BE\\uFF29\\u00CC\\u00CD\\u00CE\\u0128\\u012A\\u012C\\u0130\\u00CF\\u1E2E\\u1EC8\\u01CF\\u0208\\u020A\\u1ECA\\u012E\\u1E2C\\u0197]","J":"[\\u004A\\u24BF\\uFF2A\\u0134\\u0248]","K":"[\\u004B\\u24C0\\uFF2B\\u1E30\\u01E8\\u1E32\\u0136\\u1E34\\u0198\\u2C69\\uA740\\uA742\\uA744\\uA7A2]","L":"[\\u004C\\u24C1\\uFF2C\\u013F\\u0139\\u013D\\u1E36\\u1E38\\u013B\\u1E3C\\u1E3A\\u0141\\u023D\\u2C62\\u2C60\\uA748\\uA746\\uA780]","LJ":"[\\u01C7]","Lj":"[\\u01C8]","M":"[\\u004D\\u24C2\\uFF2D\\u1E3E\\u1E40\\u1E42\\u2C6E\\u019C]","N":"[\\u004E\\u24C3\\uFF2E\\u01F8\\u0143\\u00D1\\u1E44\\u0147\\u1E46\\u0145\\u1E4A\\u1E48\\u0220\\u019D\\uA790\\uA7A4]","NJ":"[\\u01CA]","Nj":"[\\u01CB]","O":"[\\u004F\\u24C4\\uFF2F\\u00D2\\u00D3\\u00D4\\u1ED2\\u1ED0\\u1ED6\\u1ED4\\u00D5\\u1E4C\\u022C\\u1E4E\\u014C\\u1E50\\u1E52\\u014E\\u022E\\u0230\\u00D6\\u022A\\u1ECE\\u0150\\u01D1\\u020C\\u020E\\u01A0\\u1EDC\\u1EDA\\u1EE0\\u1EDE\\u1EE2\\u1ECC\\u1ED8\\u01EA\\u01EC\\u00D8\\u01FE\\u0186\\u019F\\uA74A\\uA74C]","OI":"[\\u01A2]","OO":"[\\uA74E]","OU":"[\\u0222]","P":"[\\u0050\\u24C5\\uFF30\\u1E54\\u1E56\\u01A4\\u2C63\\uA750\\uA752\\uA754]","Q":"[\\u0051\\u24C6\\uFF31\\uA756\\uA758\\u024A]","R":"[\\u0052\\u24C7\\uFF32\\u0154\\u1E58\\u0158\\u0210\\u0212\\u1E5A\\u1E5C\\u0156\\u1E5E\\u024C\\u2C64\\uA75A\\uA7A6\\uA782]","S":"[\\u0053\\u24C8\\uFF33\\u1E9E\\u015A\\u1E64\\u015C\\u1E60\\u0160\\u1E66\\u1E62\\u1E68\\u0218\\u015E\\u2C7E\\uA7A8\\uA784]","T":"[\\u0054\\u24C9\\uFF34\\u1E6A\\u0164\\u1E6C\\u021A\\u0162\\u1E70\\u1E6E\\u0166\\u01AC\\u01AE\\u023E\\uA786]","TZ":"[\\uA728]","U":"[\\u0055\\u24CA\\uFF35\\u00D9\\u00DA\\u00DB\\u0168\\u1E78\\u016A\\u1E7A\\u016C\\u00DC\\u01DB\\u01D7\\u01D5\\u01D9\\u1EE6\\u016E\\u0170\\u01D3\\u0214\\u0216\\u01AF\\u1EEA\\u1EE8\\u1EEE\\u1EEC\\u1EF0\\u1EE4\\u1E72\\u0172\\u1E76\\u1E74\\u0244]","V":"[\\u0056\\u24CB\\uFF36\\u1E7C\\u1E7E\\u01B2\\uA75E\\u0245]","VY":"[\\uA760]","W":"[\\u0057\\u24CC\\uFF37\\u1E80\\u1E82\\u0174\\u1E86\\u1E84\\u1E88\\u2C72]","X":"[\\u0058\\u24CD\\uFF38\\u1E8A\\u1E8C]","Y":"[\\u0059\\u24CE\\uFF39\\u1EF2\\u00DD\\u0176\\u1EF8\\u0232\\u1E8E\\u0178\\u1EF6\\u1EF4\\u01B3\\u024E\\u1EFE]","Z":"[\\u005A\\u24CF\\uFF3A\\u0179\\u1E90\\u017B\\u017D\\u1E92\\u1E94\\u01B5\\u0224\\u2C7F\\u2C6B\\uA762]","a":"[\\u0061\\u24D0\\uFF41\\u1E9A\\u00E0\\u00E1\\u00E2\\u1EA7\\u1EA5\\u1EAB\\u1EA9\\u00E3\\u0101\\u0103\\u1EB1\\u1EAF\\u1EB5\\u1EB3\\u0227\\u01E1\\u00E4\\u01DF\\u1EA3\\u00E5\\u01FB\\u01CE\\u0201\\u0203\\u1EA1\\u1EAD\\u1EB7\\u1E01\\u0105\\u2C65\\u0250]","aa":"[\\uA733]","ae":"[\\u00E6\\u01FD\\u01E3]","ao":"[\\uA735]","au":"[\\uA737]","av":"[\\uA739\\uA73B]","ay":"[\\uA73D]","b":"[\\u0062\\u24D1\\uFF42\\u1E03\\u1E05\\u1E07\\u0180\\u0183\\u0253]","c":"[\\u0063\\u24D2\\uFF43\\u0107\\u0109\\u010B\\u010D\\u00E7\\u1E09\\u0188\\u023C\\uA73F\\u2184]","d":"[\\u0064\\u24D3\\uFF44\\u1E0B\\u010F\\u1E0D\\u1E11\\u1E13\\u1E0F\\u0111\\u018C\\u0256\\u0257\\uA77A]","dz":"[\\u01F3\\u01C6]","e":"[\\u0065\\u24D4\\uFF45\\u00E8\\u00E9\\u00EA\\u1EC1\\u1EBF\\u1EC5\\u1EC3\\u1EBD\\u0113\\u1E15\\u1E17\\u0115\\u0117\\u00EB\\u1EBB\\u011B\\u0205\\u0207\\u1EB9\\u1EC7\\u0229\\u1E1D\\u0119\\u1E19\\u1E1B\\u0247\\u025B\\u01DD]","f":"[\\u0066\\u24D5\\uFF46\\u1E1F\\u0192\\uA77C]","g":"[\\u0067\\u24D6\\uFF47\\u01F5\\u011D\\u1E21\\u011F\\u0121\\u01E7\\u0123\\u01E5\\u0260\\uA7A1\\u1D79\\uA77F]","h":"[\\u0068\\u24D7\\uFF48\\u0125\\u1E23\\u1E27\\u021F\\u1E25\\u1E29\\u1E2B\\u1E96\\u0127\\u2C68\\u2C76\\u0265]","hv":"[\\u0195]","i":"[\\u0069\\u24D8\\uFF49\\u00EC\\u00ED\\u00EE\\u0129\\u012B\\u012D\\u00EF\\u1E2F\\u1EC9\\u01D0\\u0209\\u020B\\u1ECB\\u012F\\u1E2D\\u0268\\u0131]","j":"[\\u006A\\u24D9\\uFF4A\\u0135\\u01F0\\u0249]","k":"[\\u006B\\u24DA\\uFF4B\\u1E31\\u01E9\\u1E33\\u0137\\u1E35\\u0199\\u2C6A\\uA741\\uA743\\uA745\\uA7A3]","l":"[\\u006C\\u24DB\\uFF4C\\u0140\\u013A\\u013E\\u1E37\\u1E39\\u013C\\u1E3D\\u1E3B\\u017F\\u0142\\u019A\\u026B\\u2C61\\uA749\\uA781\\uA747]","lj":"[\\u01C9]","m":"[\\u006D\\u24DC\\uFF4D\\u1E3F\\u1E41\\u1E43\\u0271\\u026F]","n":"[\\u006E\\u24DD\\uFF4E\\u01F9\\u0144\\u00F1\\u1E45\\u0148\\u1E47\\u0146\\u1E4B\\u1E49\\u019E\\u0272\\u0149\\uA791\\uA7A5]","nj":"[\\u01CC]","o":"[\\u006F\\u24DE\\uFF4F\\u00F2\\u00F3\\u00F4\\u1ED3\\u1ED1\\u1ED7\\u1ED5\\u00F5\\u1E4D\\u022D\\u1E4F\\u014D\\u1E51\\u1E53\\u014F\\u022F\\u0231\\u00F6\\u022B\\u1ECF\\u0151\\u01D2\\u020D\\u020F\\u01A1\\u1EDD\\u1EDB\\u1EE1\\u1EDF\\u1EE3\\u1ECD\\u1ED9\\u01EB\\u01ED\\u00F8\\u01FF\\u0254\\uA74B\\uA74D\\u0275]","oi":"[\\u01A3]","ou":"[\\u0223]","oo":"[\\uA74F]","p":"[\\u0070\\u24DF\\uFF50\\u1E55\\u1E57\\u01A5\\u1D7D\\uA751\\uA753\\uA755]","q":"[\\u0071\\u24E0\\uFF51\\u024B\\uA757\\uA759]","r":"[\\u0072\\u24E1\\uFF52\\u0155\\u1E59\\u0159\\u0211\\u0213\\u1E5B\\u1E5D\\u0157\\u1E5F\\u024D\\u027D\\uA75B\\uA7A7\\uA783]","s":"[\\u0073\\u24E2\\uFF53\\u015B\\u1E65\\u015D\\u1E61\\u0161\\u1E67\\u1E63\\u1E69\\u0219\\u015F\\u023F\\uA7A9\\uA785\\u1E9B]","ss":"[\\u00DF]","t":"[\\u0074\\u24E3\\uFF54\\u1E6B\\u1E97\\u0165\\u1E6D\\u021B\\u0163\\u1E71\\u1E6F\\u0167\\u01AD\\u0288\\u2C66\\uA787]","tz":"[\\uA729]","u":"[\\u0075\\u24E4\\uFF55\\u00F9\\u00FA\\u00FB\\u0169\\u1E79\\u016B\\u1E7B\\u016D\\u00FC\\u01DC\\u01D8\\u01D6\\u01DA\\u1EE7\\u016F\\u0171\\u01D4\\u0215\\u0217\\u01B0\\u1EEB\\u1EE9\\u1EEF\\u1EED\\u1EF1\\u1EE5\\u1E73\\u0173\\u1E77\\u1E75\\u0289]","v":"[\\u0076\\u24E5\\uFF56\\u1E7D\\u1E7F\\u028B\\uA75F\\u028C]","vy":"[\\uA761]","w":"[\\u0077\\u24E6\\uFF57\\u1E81\\u1E83\\u0175\\u1E87\\u1E85\\u1E98\\u1E89\\u2C73]","x":"[\\u0078\\u24E7\\uFF58\\u1E8B\\u1E8D]","y":"[\\u0079\\u24E8\\uFF59\\u1EF3\\u00FD\\u0177\\u1EF9\\u0233\\u1E8F\\u00FF\\u1EF7\\u1E99\\u1EF5\\u01B4\\u024F\\u1EFF]","z":"[\\u007A\\u24E9\\uFF5A\\u017A\\u1E91\\u017C\\u017E\\u1E93\\u1E95\\u01B6\\u0225\\u0240\\u2C6C\\uA763]"},"researchesTests":["contentHasTOC","contentHasShortParagraphs","contentHasAssets","keywordInTitle","keywordInMetaDescription","keywordInPermalink","keywordIn10Percent","keywordInContent","keywordInSubheadings","keywordInImageAlt","keywordDensity","keywordNotUsed","lengthContent","lengthPermalink","linksHasInternal","linksHasExternals","linksNotAllExternals","titleStartWithKeyword","titleSentiment","titleHasPowerWords","titleHasNumber","hasContentAI"],"hasRedirection":true,"hasBreadcrumb":false},"homeUrl":"https:\/\/lamvuonhoado.com","objectID":27,"objectType":"post","locale":"vi","localeFull":"vi","overlayImages":{"play":{"name":"Bi\u1ec3u t\u01b0\u1ee3ng ph\u00e1t","url":"https:\/\/lamvuonhoado.com\/wp-content\/plugins\/seo-by-rank-math\/assets\/admin\/img\/icon-play.png","path":"\/home\/nhlamt7q\/public_html\/wp-content\/plugins\/seo-by-rank-math\/assets\/admin\/img\/icon-play.png","position":"middle_center"},"gif":{"name":"Bi\u1ec3u t\u01b0\u1ee3ng GIF","url":"https:\/\/lamvuonhoado.com\/wp-content\/plugins\/seo-by-rank-math\/assets\/admin\/img\/icon-gif.png","path":"\/home\/nhlamt7q\/public_html\/wp-content\/plugins\/seo-by-rank-math\/assets\/admin\/img\/icon-gif.png","position":"middle_center"}},"defautOgImage":"https:\/\/lamvuonhoado.com\/wp-content\/uploads\/2025\/07\/Lam-Vuon-5.png","customPermalinks":true,"isUserRegistered":true,"autoSuggestKeywords":true,"connectSiteUrl":"https:\/\/rankmath.com\/auth?site=https%3A%2F%2Flamvuonhoado.com&r=https%3A%2F%2Flamvuonhoado.com%2Findex.php%2Fwp-json%2Fwp%2Fv2%2Fpages%2F27%3Fnonce%3D97025e87c5","maxTags":5,"trendsIcon":"<svg viewBox=\"0 0 610 610\"><path d=\"M18.85,446,174.32,290.48l58.08,58.08L76.93,504a14.54,14.54,0,0,1-20.55,0L18.83,466.48a14.54,14.54,0,0,1,0-20.55Z\" style=\"fill:#4285f4\"\/><path d=\"M242.65,242.66,377.59,377.6l-47.75,47.75a14.54,14.54,0,0,1-20.55,0L174.37,290.43l47.75-47.75A14.52,14.52,0,0,1,242.65,242.66Z\" style=\"fill:#ea4335\"\/><polygon points=\"319.53 319.53 479.26 159.8 537.34 217.88 377.61 377.62 319.53 319.53\" style=\"fill:#fabb05\"\/><path d=\"M594.26,262.73V118.61h0a16.94,16.94,0,0,0-16.94-16.94H433.2a16.94,16.94,0,0,0-12,28.92L565.34,274.71h0a16.94,16.94,0,0,0,28.92-12Z\" style=\"fill:#34a853\"\/><rect width=\"610\" height=\"610\" style=\"fill:none\"\/><\/svg>","showScore":true,"siteFavIcon":"https:\/\/lamvuonhoado.com\/wp-content\/uploads\/2025\/07\/cropped-Thiet_ke_chua_co_ten__5_-removebg-preview-32x32.png","canUser":{"general":false,"advanced":false,"snippet":false,"social":false,"analysis":false,"analytics":false,"content_ai":false},"showKeywordIntent":true,"isPro":false,"is_front_page":false,"trendsUpgradeLink":"https:\/\/rankmath.com\/pricing\/?utm_source=Plugin&utm_medium=CE%20General%20Tab%20Trends&utm_campaign=WP","trendsUpgradeLabel":"N\u00e2ng c\u1ea5p","trendsPreviewImage":"https:\/\/lamvuonhoado.com\/wp-content\/plugins\/seo-by-rank-math\/assets\/admin\/img\/trends-preview.jpg","currentEditor":false,"homepageData":{"assessor":{"powerWords":[],"diacritics":true,"researchesTests":["contentHasTOC","contentHasShortParagraphs","contentHasAssets","keywordInTitle","keywordInMetaDescription","keywordInPermalink","keywordIn10Percent","keywordInContent","keywordInSubheadings","keywordInImageAlt","keywordDensity","keywordNotUsed","lengthContent","lengthPermalink","linksHasInternal","linksHasExternals","linksNotAllExternals","titleStartWithKeyword","titleSentiment","titleHasPowerWords","titleHasNumber","hasContentAI"],"hasBreadcrumb":false,"serpData":{"title":"%sitename% %page% %sep% %sitedesc%","description":"","titleTemplate":"%sitename% %page% %sep% %sitedesc%","descriptionTemplate":"","focusKeywords":"","breadcrumbTitle":"Home","robots":{"index":true},"advancedRobots":{"max-snippet":"-1","max-video-preview":"-1","max-image-preview":"large"},"facebookTitle":"","facebookDescription":"","facebookImage":"","facebookImageID":""}}},"tocTitle":"Table of Contents","tocExcludeHeadings":[],"listStyle":"ul"},"_links":{"self":[{"href":"https:\/\/lamvuonhoado.com\/index.php\/wp-json\/wp\/v2\/pages\/27","targetHints":{"allow":["GET"]}}],"collection":[{"href":"https:\/\/lamvuonhoado.com\/index.php\/wp-json\/wp\/v2\/pages"}],"about":[{"href":"https:\/\/lamvuonhoado.com\/index.php\/wp-json\/wp\/v2\/types\/page"}],"author":[{"embeddable":true,"href":"https:\/\/lamvuonhoado.com\/index.php\/wp-json\/wp\/v2\/users\/1"}],"replies":[{"embeddable":true,"href":"https:\/\/lamvuonhoado.com\/index.php\/wp-json\/wp\/v2\/comments?post=27"}],"version-history":[{"count":2,"href":"https:\/\/lamvuonhoado.com\/index.php\/wp-json\/wp\/v2\/pages\/27\/revisions"}],"predecessor-version":[{"id":160,"href":"https:\/\/lamvuonhoado.com\/index.php\/wp-json\/wp\/v2\/pages\/27\/revisions\/160"}],"wp:attachment":[{"href":"https:\/\/lamvuonhoado.com\/index.php\/wp-json\/wp\/v2\/media?parent=27"}],"curies":[{"name":"wp","href":"https:\/\/api.w.org\/{rel}","templated":true}]}}